{"id":1327,"date":"2021-02-17T11:52:13","date_gmt":"2021-02-17T11:52:13","guid":{"rendered":"http:\/\/ebonyrework.nadineluehr.de\/?page_id=1327"},"modified":"2021-03-17T16:19:53","modified_gmt":"2021-03-17T15:19:53","slug":"allgemeine-geschaeftsbedingungen","status":"publish","type":"page","link":"https:\/\/ebonyfagbuyi.com\/index.php\/de\/allgemeine-geschaeftsbedingungen\/","title":{"rendered":"Allgemeine Gesch\u00e4ftsbedingungen"},"content":{"rendered":"\t\t<div data-elementor-type=\"wp-page\" data-elementor-id=\"1327\" class=\"elementor elementor-1327\">\n\t\t\t\t\t\t<div class=\"elementor-inner\">\n\t\t\t\t<div class=\"elementor-section-wrap\">\n\t\t\t\t\t\t\t\t\t<section class=\"elementor-section elementor-top-section elementor-element elementor-element-5c8e6c4 elementor-section-full_width elementor-section-stretched elementor-section-height-default elementor-section-height-default\" data-id=\"5c8e6c4\" data-element_type=\"section\" data-settings=\"{&quot;stretch_section&quot;:&quot;section-stretched&quot;,&quot;background_background&quot;:&quot;classic&quot;}\">\n\t\t\t\t\t\t\t<div class=\"elementor-background-overlay\"><\/div>\n\t\t\t\t\t\t\t<div class=\"elementor-container elementor-column-gap-default\">\n\t\t\t\t\t\t\t<div class=\"elementor-row\">\n\t\t\t\t\t<div class=\"elementor-column elementor-col-100 elementor-top-column elementor-element elementor-element-e2a295e\" data-id=\"e2a295e\" data-element_type=\"column\" data-settings=\"{&quot;background_background&quot;:&quot;classic&quot;}\">\n\t\t\t<div class=\"elementor-column-wrap elementor-element-populated\">\n\t\t\t\t\t\t\t<div class=\"elementor-widget-wrap\">\n\t\t\t\t\t\t<div class=\"elementor-element elementor-element-16f23b5 elementor-widget elementor-widget-spacer\" data-id=\"16f23b5\" data-element_type=\"widget\" data-widget_type=\"spacer.default\">\n\t\t\t\t<div class=\"elementor-widget-container\">\n\t\t\t\t\t<div class=\"elementor-spacer\">\n\t\t\t<div class=\"elementor-spacer-inner\"><\/div>\n\t\t<\/div>\n\t\t\t\t<\/div>\n\t\t\t\t<\/div>\n\t\t\t\t<div class=\"elementor-element elementor-element-20358e5 elementor-widget elementor-widget-heading\" data-id=\"20358e5\" data-element_type=\"widget\" data-widget_type=\"heading.default\">\n\t\t\t\t<div class=\"elementor-widget-container\">\n\t\t\t<h2 class=\"elementor-heading-title elementor-size-default\">Allgemeine Gesch\u00e4ftsbedingungen<\/h2>\t\t<\/div>\n\t\t\t\t<\/div>\n\t\t\t\t<div class=\"elementor-element elementor-element-9dbb874 elementor-widget elementor-widget-heading\" data-id=\"9dbb874\" data-element_type=\"widget\" data-widget_type=\"heading.default\">\n\t\t\t\t<div class=\"elementor-widget-container\">\n\t\t\t<p class=\"elementor-heading-title elementor-size-default\">Stand: 05.05.2017<\/p>\t\t<\/div>\n\t\t\t\t<\/div>\n\t\t\t\t<div class=\"elementor-element elementor-element-5333bdd elementor-widget elementor-widget-spacer\" data-id=\"5333bdd\" data-element_type=\"widget\" data-widget_type=\"spacer.default\">\n\t\t\t\t<div class=\"elementor-widget-container\">\n\t\t\t\t\t<div class=\"elementor-spacer\">\n\t\t\t<div class=\"elementor-spacer-inner\"><\/div>\n\t\t<\/div>\n\t\t\t\t<\/div>\n\t\t\t\t<\/div>\n\t\t\t\t\t\t<\/div>\n\t\t\t\t\t<\/div>\n\t\t<\/div>\n\t\t\t\t\t\t\t\t<\/div>\n\t\t\t\t\t<\/div>\n\t\t<\/section>\n\t\t\t\t<section class=\"elementor-section elementor-top-section elementor-element elementor-element-8293339 elementor-section-boxed elementor-section-height-default elementor-section-height-default\" data-id=\"8293339\" data-element_type=\"section\">\n\t\t\t\t\t\t<div class=\"elementor-container elementor-column-gap-default\">\n\t\t\t\t\t\t\t<div class=\"elementor-row\">\n\t\t\t\t\t<div class=\"elementor-column elementor-col-100 elementor-top-column elementor-element elementor-element-5b2d4a1\" data-id=\"5b2d4a1\" data-element_type=\"column\">\n\t\t\t<div class=\"elementor-column-wrap elementor-element-populated\">\n\t\t\t\t\t\t\t<div class=\"elementor-widget-wrap\">\n\t\t\t\t\t\t<div class=\"elementor-element elementor-element-36b8ce2 elementor-widget elementor-widget-text-editor\" data-id=\"36b8ce2\" data-element_type=\"widget\" data-widget_type=\"text-editor.default\">\n\t\t\t\t<div class=\"elementor-widget-container\">\n\t\t\t\t\t\t\t\t<div class=\"elementor-text-editor elementor-clearfix\">\n\t\t\t\t<p><strong>Pr\u00e4ambel<\/strong><\/p><p>Die Fagbuyi Service Consulting &amp; Training, Ebony Fagbuyi, bietet Dienstleistungen in den Bereichen: Personalf\u00fchrung, Kommunikations- und Personalentwicklung. Hierbei handelt es sich um Coaching, Mentoring, Training und Reden sowie personalf\u00fchrungs- und prozessbezogene Unternehmensberatung.<\/p><p>Bei den mit der Fagbuyi Service Consulting &amp; Training abgeschlossenen Vertr\u00e4gen handelt es sich, soweit nicht ausdr\u00fccklich etwas anderes vereinbart ist, um Dienstvertr\u00e4ge. Der Umfang des Auftrages beinhaltet ausschlie\u00dflich aktivierende und beratende T\u00e4tigkeiten. Beratungsleistungen in Rechts- und Steuerfragen sowie therapeutische Beratung werden von der Fagbuyi Service Consulting &amp; Training weder zugesagt noch erbracht.<\/p><p><strong>\u00a71 Geltungsbereich<\/strong><br \/>Diese Allgemeinen Gesch\u00e4ftsbedingungen (AGB) gelten f\u00fcr alle Vertr\u00e4ge im Gesch\u00e4ftsverkehr mit Unternehmern im Sinne des \u00a7 14 B\u00fcrgerliches Gesetzbuch (BGB). Abweichungen von diesen Gesch\u00e4ftsbedingungen sind nur wirksam, wenn sie von der Fagbuyi Service Consulting &amp; Training wenigstens in Textform, \u00a7 126 BGB best\u00e4tigt werden.<br \/>Die AGB der Fagbuyi Service Consulting &amp; Training gelten im kaufm\u00e4nnischen Verkehr auch f\u00fcr alle zuk\u00fcnftigen Gesch\u00e4ftsbedingungen, ohne dass sie bei jedem weiteren Vertragsschluss erneut vereinbart werden. Auftr\u00e4gen oder Gegenbest\u00e4tigungen des Auftraggebers* unter Hinweis auf seine Gesch\u00e4ftsbedingungen wird von vornherein durch die Fagbuyi Service Consulting &amp; Training widersprochen.<\/p><p><strong>\u00a72 Angebot, Auftragserteilung<\/strong><br \/>Art und Umfang der Leistungen werden f\u00fcr das jeweilige Projekt oder Unternehmen individuell vereinbart. Ma\u00dfgebend sind bei der Erstellung jeder Leistungsbeschreibung die Anzahl und inhaltliche Ausgestaltung des Auftrags, die zuvor mit dem Auftraggeber abgestimmt wird.<br \/>Ein in Abstimmung mit dem Auftraggeber gefertigtes Leistungsangebot bindet die Fagbuyi Service Consulting &amp; Training, vorbehaltlich einer ausdr\u00fccklich zugesicherten l\u00e4ngeren Bindungsfrist im konkreten Fall, f\u00fcr zwei Wochen nachdem dieses dem Auftraggeber unterbreitet worden ist.<br \/>Zur Wirksamkeit des Vertrages ist die Best\u00e4tigung der Annahmeerkl\u00e4rung des Leistungsangebotes durch die Fagbuyi Service Consulting &amp; Training erforderlich.<\/p><p><strong>\u00a73 Leistungen und Pflichten der Fagbuyi Service Consulting &amp; Training<\/strong><br \/>Der Umfang der Leistungen und Pflichten der Fagbuyi Service Consulting &amp; Training richtet sich nach dem konkret vereinbarten Leistungsumfang vgl. \u00a7 2 Ziffer 1.<br \/>Die Fagbuyi Service Consulting &amp; Training f\u00fchrt alle Arbeiten sorgf\u00e4ltig und unter Beachtung branchenspezifischer Grunds\u00e4tze durch. Alle Bewertungen, Empfehlungen und Prognosen erfolgen nach bestem Wissen und Gewissen, m\u00fcndliche Ausk\u00fcnfte gelten nur nach schriftlicher Best\u00e4tigung. Die Ausf\u00fchrung hinsichtlich Zeit und Ort erfolgt in Entsprechung des vereinbarten Leistungsumfangs, soweit sich hieraus eine Konkretisierung ergibt. Dar\u00fcber hinaus bestimmt die Fagbuyi Service Consulting &amp; Training Zeit und Ort f\u00fcr die Erf\u00fcllung frei und erf\u00fcllt den Auftrag im \u00dcbrigen eigenverantwortlich.<br \/>Die Fagbuyi Service Consulting &amp; Training stellt die vertrauliche Behandlung etwaiger ihr im Rahmen der Durchf\u00fchrung des Auftrags von Teilnehmern in Vertraulichkeit zur Kenntnis gelangten pers\u00f6nlichen Angaben auch im Verh\u00e4ltnis zum Auftraggeber sicher.<br \/>Die Fagbuyi Service Consulting &amp; Training sichert zu, alle ihr im Rahmen der Auftragsverh\u00e4ltnisses zur Kenntnis gelangenden Informationen und Unterlagen, die nicht zur Weitergabe an Dritte bestimmt sind, streng vertraulich zu behandeln. Soweit sie sich im Rahmen des Auftragsverh\u00e4ltnisses Erf\u00fcllungsgehilfen oder Dritten bedient, hat sie diese zu gleicher Verschwiegenheit zu verpflichten.<br \/>Foto-, Film- und\/oder Videoaufnahmen von den Teilnehmern, die zu werbe- und schulungszwecken angefertigt werden, werden von der Fagbuyi Service Consulting &amp; Training an den Auftraggeber nur unter der Voraussetzung \u00fcbergeben, dass s\u00e4mtliche Teilnehmer einer Weitergabe zustimmen.<\/p><p>Die Fagbuyi Service Consulting &amp; Training speichert und verwendet die Foto-, Film- und Videodaten nicht f\u00fcr eigene Zwecke, es sei denn s\u00e4mtliche Teilnehmer und der Auftraggeber h\u00e4tten der Speicherung und Verwendung ausdr\u00fccklich, m\u00fcndlich oder schriftlich zugestimmt.<\/p><p><strong>\u00a74 Mitwirkungspflichten des Auftraggebers<\/strong><br \/>Der Auftraggeber ist verpflichtet, die f\u00fcr die Annahme der vereinbarten Leistung erforderlichen Voraussetzungen zu gew\u00e4hren. Er stellt insbesondere die notwendigen Informationen und Materialien bereit und sorgt f\u00fcr eine ordentliche Einweisung der Fagbuyi Service Consulting &amp; Training in den Aufgabenbereich. Soweit die Leistung am Ort des Auftraggebers oder einem von ihm bestimmten Ort zu erbringen ist, sorgt er f\u00fcr die notwendige r\u00e4umliche und technische Ausstattung. Er tr\u00e4gt weiter f\u00fcr die unfallversicherungsrechtliche Absicherung der Teilnehmer Sorge.<\/p><p><strong>\u00a75 Leistungsst\u00f6rung<\/strong><br \/>Ist die Durchf\u00fchrung eines f\u00fcr einen bestimmten Termin oder Zeitraum vereinbarten Auftrages bzw. Einsatzes aus von in der Sph\u00e4re des Auftraggebers liegenden Gr\u00fcnden nicht m\u00f6glich, ist der Auftraggeber verpflichtet, der Fagbuyi Service Consulting &amp; Training wenigstens zwei alternative Termine\/Zeitr\u00e4ume f\u00fcr die nachholende Durchf\u00fchrung des Auftrags einzur\u00e4umen.<br \/>K\u00f6nnen die zur Nachholung angebotenen Termine oder Zeitr\u00e4ume von der Fagbuyi Service Consulting &amp; Training nicht wahrgenommen werden, und\/oder konnte eine Vereinbarung \u00fcber die Nachholung im Sinne der Ziffer 1 nicht binnen 2 Monaten nach Kenntniserlangung von der Unm\u00f6glichkeit der Durchf\u00fchrung zum vereinbarten Termin oder Zeitraum getroffen werden, ist die Verpflichtung zur Durchf\u00fchrung des Vertrages endg\u00fcltig ausgeschlossen. Der Auftraggeber hat hiernach der Fagbuyi Service Consulting &amp; Training die bis dahin erbrachten personellen Leistungen, wie Honorare aus Vorbereitungstagen und sachlichen Aufwendungen in angemessener oder ggf. vorab vereinbarter H\u00f6he voll zu ersetzen. Als angemessener Ersatz f\u00fcr gebuchte und zum Zeitpunkt der St\u00f6rung in der Zukunft liegende Eins\u00e4tze sind von dem Auftraggeber f\u00fcr eine im Sinne der Ziffern 1 u. 2 Absatz 1 weggefallene Leistungserbringung bei schriftlicher Mitteilung an die Fagbuyi Service Consulting &amp; Training<\/p><p>a) bis zu 6 Wochen vor dem geplanten Termin\/Zeitraum 25%,<br \/>b) bis zu 4 Wochen vor dem geplanten Termin\/Zeitraum pauschal 50%,<br \/>c) bis zu 3 Wochen vor dem geplanten Termin\/Zeitraum pauschal 60 %,<br \/>d) bis zu 2 Wochen vor dem geplanten Termin\/Zeitraum pauschal 80% der vereinbarten Brutto-Auftragsverg\u00fctung bzw.<br \/>e) bis zu 1 Woche vor dem geplanten Termin\/Zeitraum 100%der vereinbarten Brutto-Auftragsverg\u00fctung inkl. vereinbarter Reisepauschalen bzw. des auf den weggefallenen Einsatz entfallenden Verg\u00fctungsanteils an die Fagbuyi Service Consulting &amp; Training zu zahlen.<\/p><p>Ist die Durchf\u00fchrung eines f\u00fcr einen bestimmten Termin oder Zeitraum vereinbarten Auftrages bzw. Einsatzes aus von in der Sph\u00e4re der Fagbuyi Service Consulting &amp; Training liegenden Gr\u00fcnden nicht m\u00f6glich, insbesondere Krankheit oder sonstige unvorhergesehene pers\u00f6nliche Verhinderung in der Person der Auftragnehmerin, steht dem Auftraggeber das Wahlrecht zwischen Nachholung oder K\u00fcndigung zu. Eine Nachholung ist ausgeschlossen, wenn diese nicht binnen 2 Monaten nach Kenntniserlangung von der Unm\u00f6glichkeit der Durchf\u00fchrung zum vereinbarten Termin\/Zeitraum vereinbart worden ist. Die Fagbuyi Service Consulting &amp; Training ist nicht verpflichtet, den Auftrag durch Beauftragung eines geeigneten Dritten (Fremdleistung) zu erf\u00fcllen. Gleichwohl steht es ihr frei, in der Erf\u00fcllung des Vertrages geeignete Dritte zu beauftragen.Der Fagbuyi Service Consulting &amp; Training steht in diesem Fall der vorzeitigen Beendigung ein Anspruch auf Zahlung der bis dahin erbrachten personellen Leistungen und sachlichen Aufwendungen nicht zu.<\/p><p><strong>\u00a76 Haftung<\/strong><br \/>Die Fagbuyi Service Consulting &amp; Training und ihre Mitarbeiter handeln bei der Durchf\u00fchrung der Beratung nach den allgemein anerkannten Prinzipien der Berufsaus\u00fcbung. Sie haftet f\u00fcr Sch\u00e4den nur im Falle, dass ihr Vorsatz oder grobe Fahrl\u00e4ssigkeit nachgewiesen werden kann, und zwar im Rahmen der gesetzlichen Vorschriften. Dies gilt auch f\u00fcr Verletzung von Verpflichtungen durch von ihr zur Erf\u00fcllung des Vertrages beigezogene Dritte.<br \/>Aufgrund des Geltungsbereiches dieser AGB (\u00a7 1) wird die Fagbuyi Service Consulting &amp; Training lediglich beratend t\u00e4tig. Sie wirkt nicht an unternehmerischen Entscheidungen mit. Die Entscheidung liegt allein beim Auftraggeber, so dass die Fagbuyi Service Consulting &amp; Training nicht f\u00fcr Einbu\u00dfen bei entsprechenden Investitionen und anderen unternehmerischen Ma\u00dfnahmen haftet.<\/p><p><strong>\u00a77 Verg\u00fctung und Reisekosten<\/strong><br \/>Die Fagbuyi Service Consulting &amp; Training hat als Gegenleistung zur Erbringung ihrer Leistungen Anspruch auf Bezahlung eines angemessenen Honorars durch den Auftraggeber.<br \/>Die Honorarh\u00f6he richtet sich nach der schriftlichen Vereinbarung des Auftraggebers mit der Fagbuyi Service Consulting &amp; Training.<br \/>Die Fagbuyi Service Consulting &amp; Training ist berechtigt, erbrachte Teilleistungen vor Beendigung des vereinbarten Auftrags in Rechnung zu stellen.<br \/>Die Verg\u00fctung ist mit Zugang der Rechnung sofort f\u00e4llig.<br \/>\u00dcbernachtungskosten werden der Fagbuyi Service Consulting &amp; Training in nachgewiesener H\u00f6he ersetzt, Spesen gem\u00e4\u00df den steuerlichen H\u00f6chsts\u00e4tzen. Ebenso werden der Fagbuyi Service Consulting &amp; Training ersetzt bei Benutzung der Bahn: Fahrtkosten 1. Klasse, eines Flugzeuges: Flugkosten der Business-Klasse, des Pkw: 0,35 Euro f\u00fcr jeden gefahrenen Kilometer. Die Wahl des g\u00fcnstigsten Verkehrsmittels bleibt der Fagbuyi Service Consulting &amp; Training vorbehalten. Diese ist jedoch verpflichtet, Fahrtkosten jeweils nach den k\u00fcrzesten Entfernungen zu berechnen und Reisen, deren Kosten nicht in einem vern\u00fcnftigen Verh\u00e4ltnis zum Gesamthonorar stehen, nur mit ausdr\u00fccklicher Genehmigung des Auftraggebers zu unternehmen.<\/p><p><strong>\u00a78 Vertragsdauer, K\u00fcndigung<\/strong><br \/>Die Vertragsdauer richtet sich nach dem konkret vereinbarten Auftrag (vgl. \u00a7 2 Ziffer 1).<br \/>Ist f\u00fcr den Auftrag eine Laufzeit vereinbart, ist das Recht zur ordentlichen K\u00fcndigung ausgeschlossen. F\u00fcr Vertr\u00e4ge mit unbestimmter Laufzeit gilt eine beidseitige K\u00fcndigungsfrist von 6 Wochen.<br \/>Wird durch die K\u00fcndigung des Auftraggebers ein Auftrag bzw. Einsatz, f\u00fcr dessen Durchf\u00fchrung ein Termin\/Zeitraum vereinbart ist, insbesondere bei Coachings oder Inhouse-Trainings, nicht mehr ausgef\u00fchrt, ist der Auftraggeber zur Zahlung der pauschalen personellen Leistungen und sachlichen Aufwendungen gem. \u00a7 5 Ziffer 2 Absatz 2 verpflichtet.<br \/>Das Recht zur fristlosen K\u00fcndigung aus wichtigem Grund bleibt unber\u00fchrt. K\u00fcndigungen bed\u00fcrfen zu ihrer Wirksamkeit der Schriftform.<\/p><p><strong>\u00a79 Urheberrecht<\/strong><br \/>Die Fagbuyi Service Consulting &amp; Training beh\u00e4lt an den von ihr gestellten Schulungsmaterialien das Urheberrecht. Die im Zuge des Auftrages von der Fagbuyi Service Consulting &amp; Training, ihren Mitarbeitern und Kooperationspartnern erstellten Angebote, Berichte, Analysen, Gutachten, Organisationspl\u00e4ne, Programme, Leistungsbeschreibungen, Entw\u00fcrfe, Datentr\u00e4ger und dergleichen sind von dem Auftraggeber nur f\u00fcr Auftragszwecke zu verwenden. Beratungsleistungen sind geistiges Eigentum der Fagbuyi Service Consulting &amp; Training, so dass das Nutzungsrecht auch nach Bezahlung des Honorars ausschlie\u00dflich f\u00fcr eigene Zwecke des Auftraggebers gilt und nur in dem im Vertrag bezeichneten Umfang. Alle Beteiligten sind nur nach gesonderter schriftlicher \u00dcbereinkunft zur Weitergabe urheberrechtlich relevanter Ergebnisse aus den Vertr\u00e4gen an Dritte berechtigt.<\/p><p><strong>\u00a710 Aufbewahrung und R\u00fcckgabe von Unterlagen<\/strong><br \/>Die Fagbuyi Service Consulting &amp; Training verpflichtet sich, alle ihr zur Verf\u00fcgung gestellten Gesch\u00e4fts- und Betriebsunterlagen ordnungsgem\u00e4\u00df aufzubewahren, insbesondere daf\u00fcr zu sorgen, dass Dritte nicht Einsicht nehmen k\u00f6nnen. Die zur Verf\u00fcgung gestellten Unterlagen sind w\u00e4hrend der Dauer des Vertrages auf Anforderung, nach Beendigung des Vertrages dem Auftraggeber unaufgefordert zur\u00fcckzugeben.<\/p><p><strong>\u00a711 Gerichtsstand<\/strong><br \/>F\u00fcr alle Vertragsbeziehungen, insbesondere auch bei Auftr\u00e4gen aus dem Ausland, ist ausschlie\u00dflich deutsches Recht anzuwenden. Gerichtsstand ist das f\u00fcr den Sitz der Fagbuyi Service Consulting &amp; Training \u00f6rtlich zust\u00e4ndige Gericht.<\/p><p><strong>\u00a712 Salvatorische Klausel<\/strong><br \/>Sind oder werden einzelne Bestimmungen dieser Vertragsbedingungen unwirksam, so wird dadurch die G\u00fcltigkeit der \u00fcbrigen Bestimmungen nicht ber\u00fchrt. Die Vertragspartner werden in diesem Fall die ung\u00fcltige Bestimmung durch eine andere ersetzen, die dem wirtschaftlichen Zweck der weggefallenen Regelung in zul\u00e4ssiger Weise am n\u00e4chsten kommt.<\/p><p>Fagbuyi Service Consulting &amp; Training<br \/>Ebony Fagbuyi<br \/>Thaerstra\u00dfe 33<br \/>10249 Berlin<\/p><p>* Lediglich aus Gr\u00fcnden der Lesbarkeit wurde im Text das m\u00e4nnliche Genus gew\u00e4hlt.<br \/>Stand: 05.05.2017<\/p>\t\t\t\t\t<\/div>\n\t\t\t\t\t\t<\/div>\n\t\t\t\t<\/div>\n\t\t\t\t\t\t<\/div>\n\t\t\t\t\t<\/div>\n\t\t<\/div>\n\t\t\t\t\t\t\t\t<\/div>\n\t\t\t\t\t<\/div>\n\t\t<\/section>\n\t\t\t\t\t\t\t\t\t<\/div>\n\t\t\t<\/div>\n\t\t\t\t\t<\/div>\n\t\t","protected":false},"excerpt":{"rendered":"<p>Allgemeine Gesch\u00e4ftsbedingungen Stand: 05.05.2017 Pr\u00e4ambel [&hellip;]<\/p>\n","protected":false},"author":1,"featured_media":0,"parent":0,"menu_order":0,"comment_status":"closed","ping_status":"closed","template":"page-templates\/template_fullwidth.php","meta":[],"yoast_head":"<!-- This site is optimized with the Yoast SEO plugin v18.4.1 - https:\/\/yoast.com\/wordpress\/plugins\/seo\/ -->\n<title>Allgemeine Gesch\u00e4ftsbedingungen - Ebony Fagbuyi<\/title>\n<meta name=\"robots\" content=\"index, follow, max-snippet:-1, max-image-preview:large, max-video-preview:-1\" \/>\n<link rel=\"canonical\" href=\"https:\/\/ebonyfagbuyi.com\/index.php\/de\/allgemeine-geschaeftsbedingungen\/\" \/>\n<meta property=\"og:locale\" content=\"de_DE\" \/>\n<meta property=\"og:type\" content=\"article\" \/>\n<meta property=\"og:title\" content=\"Allgemeine Gesch\u00e4ftsbedingungen - Ebony Fagbuyi\" \/>\n<meta property=\"og:description\" content=\"Allgemeine Gesch\u00e4ftsbedingungen Stand: 05.05.2017 Pr\u00e4ambel [&hellip;]\" \/>\n<meta property=\"og:url\" content=\"https:\/\/ebonyfagbuyi.com\/index.php\/de\/allgemeine-geschaeftsbedingungen\/\" \/>\n<meta property=\"og:site_name\" content=\"Ebony Fagbuyi\" \/>\n<meta property=\"article:modified_time\" content=\"2021-03-17T15:19:53+00:00\" \/>\n<meta name=\"twitter:card\" content=\"summary_large_image\" \/>\n<meta name=\"twitter:label1\" content=\"Gesch\u00e4tzte Lesezeit\" \/>\n\t<meta name=\"twitter:data1\" content=\"8\u00a0Minuten\" \/>\n<script type=\"application\/ld+json\" class=\"yoast-schema-graph\">{\"@context\":\"https:\/\/schema.org\",\"@graph\":[{\"@type\":\"Organization\",\"@id\":\"https:\/\/ebonyfagbuyi.com\/#organization\",\"name\":\"Ebony Fagbuyi\",\"url\":\"https:\/\/ebonyfagbuyi.com\/\",\"sameAs\":[],\"logo\":{\"@type\":\"ImageObject\",\"@id\":\"https:\/\/ebonyfagbuyi.com\/#logo\",\"inLanguage\":\"de\",\"url\":\"https:\/\/ebonyfagbuyi.com\/wp-content\/uploads\/2021\/03\/ebonyfagbuyi_logo_03_130x60.png\",\"contentUrl\":\"https:\/\/ebonyfagbuyi.com\/wp-content\/uploads\/2021\/03\/ebonyfagbuyi_logo_03_130x60.png\",\"width\":130,\"height\":60,\"caption\":\"Ebony Fagbuyi\"},\"image\":{\"@id\":\"https:\/\/ebonyfagbuyi.com\/#logo\"}},{\"@type\":\"WebSite\",\"@id\":\"https:\/\/ebonyfagbuyi.com\/#website\",\"url\":\"https:\/\/ebonyfagbuyi.com\/\",\"name\":\"Ebony Fagbuyi\",\"description\":\"Ihr Partner in Business-Transformation\",\"publisher\":{\"@id\":\"https:\/\/ebonyfagbuyi.com\/#organization\"},\"potentialAction\":[{\"@type\":\"SearchAction\",\"target\":{\"@type\":\"EntryPoint\",\"urlTemplate\":\"https:\/\/ebonyfagbuyi.com\/?s={search_term_string}\"},\"query-input\":\"required name=search_term_string\"}],\"inLanguage\":\"de\"},{\"@type\":\"WebPage\",\"@id\":\"https:\/\/ebonyfagbuyi.com\/index.php\/de\/allgemeine-geschaeftsbedingungen\/#webpage\",\"url\":\"https:\/\/ebonyfagbuyi.com\/index.php\/de\/allgemeine-geschaeftsbedingungen\/\",\"name\":\"Allgemeine Gesch\u00e4ftsbedingungen - Ebony Fagbuyi\",\"isPartOf\":{\"@id\":\"https:\/\/ebonyfagbuyi.com\/#website\"},\"datePublished\":\"2021-02-17T11:52:13+00:00\",\"dateModified\":\"2021-03-17T15:19:53+00:00\",\"breadcrumb\":{\"@id\":\"https:\/\/ebonyfagbuyi.com\/index.php\/de\/allgemeine-geschaeftsbedingungen\/#breadcrumb\"},\"inLanguage\":\"de\",\"potentialAction\":[{\"@type\":\"ReadAction\",\"target\":[\"https:\/\/ebonyfagbuyi.com\/index.php\/de\/allgemeine-geschaeftsbedingungen\/\"]}]},{\"@type\":\"BreadcrumbList\",\"@id\":\"https:\/\/ebonyfagbuyi.com\/index.php\/de\/allgemeine-geschaeftsbedingungen\/#breadcrumb\",\"itemListElement\":[{\"@type\":\"ListItem\",\"position\":1,\"name\":\"Allgemeine Gesch\u00e4ftsbedingungen\"}]}]}<\/script>\n<!-- \/ Yoast SEO plugin. -->","yoast_head_json":{"title":"Allgemeine Gesch\u00e4ftsbedingungen - Ebony Fagbuyi","robots":{"index":"index","follow":"follow","max-snippet":"max-snippet:-1","max-image-preview":"max-image-preview:large","max-video-preview":"max-video-preview:-1"},"canonical":"https:\/\/ebonyfagbuyi.com\/index.php\/de\/allgemeine-geschaeftsbedingungen\/","og_locale":"de_DE","og_type":"article","og_title":"Allgemeine Gesch\u00e4ftsbedingungen - Ebony Fagbuyi","og_description":"Allgemeine Gesch\u00e4ftsbedingungen Stand: 05.05.2017 Pr\u00e4ambel [&hellip;]","og_url":"https:\/\/ebonyfagbuyi.com\/index.php\/de\/allgemeine-geschaeftsbedingungen\/","og_site_name":"Ebony Fagbuyi","article_modified_time":"2021-03-17T15:19:53+00:00","twitter_card":"summary_large_image","twitter_misc":{"Gesch\u00e4tzte Lesezeit":"8\u00a0Minuten"},"schema":{"@context":"https:\/\/schema.org","@graph":[{"@type":"Organization","@id":"https:\/\/ebonyfagbuyi.com\/#organization","name":"Ebony Fagbuyi","url":"https:\/\/ebonyfagbuyi.com\/","sameAs":[],"logo":{"@type":"ImageObject","@id":"https:\/\/ebonyfagbuyi.com\/#logo","inLanguage":"de","url":"https:\/\/ebonyfagbuyi.com\/wp-content\/uploads\/2021\/03\/ebonyfagbuyi_logo_03_130x60.png","contentUrl":"https:\/\/ebonyfagbuyi.com\/wp-content\/uploads\/2021\/03\/ebonyfagbuyi_logo_03_130x60.png","width":130,"height":60,"caption":"Ebony Fagbuyi"},"image":{"@id":"https:\/\/ebonyfagbuyi.com\/#logo"}},{"@type":"WebSite","@id":"https:\/\/ebonyfagbuyi.com\/#website","url":"https:\/\/ebonyfagbuyi.com\/","name":"Ebony Fagbuyi","description":"Ihr Partner in Business-Transformation","publisher":{"@id":"https:\/\/ebonyfagbuyi.com\/#organization"},"potentialAction":[{"@type":"SearchAction","target":{"@type":"EntryPoint","urlTemplate":"https:\/\/ebonyfagbuyi.com\/?s={search_term_string}"},"query-input":"required name=search_term_string"}],"inLanguage":"de"},{"@type":"WebPage","@id":"https:\/\/ebonyfagbuyi.com\/index.php\/de\/allgemeine-geschaeftsbedingungen\/#webpage","url":"https:\/\/ebonyfagbuyi.com\/index.php\/de\/allgemeine-geschaeftsbedingungen\/","name":"Allgemeine Gesch\u00e4ftsbedingungen - Ebony Fagbuyi","isPartOf":{"@id":"https:\/\/ebonyfagbuyi.com\/#website"},"datePublished":"2021-02-17T11:52:13+00:00","dateModified":"2021-03-17T15:19:53+00:00","breadcrumb":{"@id":"https:\/\/ebonyfagbuyi.com\/index.php\/de\/allgemeine-geschaeftsbedingungen\/#breadcrumb"},"inLanguage":"de","potentialAction":[{"@type":"ReadAction","target":["https:\/\/ebonyfagbuyi.com\/index.php\/de\/allgemeine-geschaeftsbedingungen\/"]}]},{"@type":"BreadcrumbList","@id":"https:\/\/ebonyfagbuyi.com\/index.php\/de\/allgemeine-geschaeftsbedingungen\/#breadcrumb","itemListElement":[{"@type":"ListItem","position":1,"name":"Allgemeine Gesch\u00e4ftsbedingungen"}]}]}},"_links":{"self":[{"href":"https:\/\/ebonyfagbuyi.com\/index.php\/wp-json\/wp\/v2\/pages\/1327"}],"collection":[{"href":"https:\/\/ebonyfagbuyi.com\/index.php\/wp-json\/wp\/v2\/pages"}],"about":[{"href":"https:\/\/ebonyfagbuyi.com\/index.php\/wp-json\/wp\/v2\/types\/page"}],"author":[{"embeddable":true,"href":"https:\/\/ebonyfagbuyi.com\/index.php\/wp-json\/wp\/v2\/users\/1"}],"replies":[{"embeddable":true,"href":"https:\/\/ebonyfagbuyi.com\/index.php\/wp-json\/wp\/v2\/comments?post=1327"}],"version-history":[{"count":16,"href":"https:\/\/ebonyfagbuyi.com\/index.php\/wp-json\/wp\/v2\/pages\/1327\/revisions"}],"predecessor-version":[{"id":3181,"href":"https:\/\/ebonyfagbuyi.com\/index.php\/wp-json\/wp\/v2\/pages\/1327\/revisions\/3181"}],"wp:attachment":[{"href":"https:\/\/ebonyfagbuyi.com\/index.php\/wp-json\/wp\/v2\/media?parent=1327"}],"curies":[{"name":"wp","href":"https:\/\/api.w.org\/{rel}","templated":true}]}}