{"id":1318,"date":"2021-02-17T11:42:21","date_gmt":"2021-02-17T11:42:21","guid":{"rendered":"http:\/\/ebonyrework.nadineluehr.de\/?page_id=1318"},"modified":"2021-03-17T16:18:01","modified_gmt":"2021-03-17T15:18:01","slug":"impressum","status":"publish","type":"page","link":"https:\/\/ebonyfagbuyi.com\/index.php\/de\/impressum\/","title":{"rendered":"Impressum"},"content":{"rendered":"\t\t<div data-elementor-type=\"wp-page\" data-elementor-id=\"1318\" class=\"elementor elementor-1318\">\n\t\t\t\t\t\t<div class=\"elementor-inner\">\n\t\t\t\t<div class=\"elementor-section-wrap\">\n\t\t\t\t\t\t\t\t\t<section class=\"elementor-section elementor-top-section elementor-element elementor-element-70af04d elementor-section-full_width elementor-section-stretched elementor-section-height-default elementor-section-height-default\" data-id=\"70af04d\" data-element_type=\"section\" data-settings=\"{&quot;stretch_section&quot;:&quot;section-stretched&quot;,&quot;background_background&quot;:&quot;classic&quot;}\">\n\t\t\t\t\t\t\t<div class=\"elementor-background-overlay\"><\/div>\n\t\t\t\t\t\t\t<div class=\"elementor-container elementor-column-gap-default\">\n\t\t\t\t\t\t\t<div class=\"elementor-row\">\n\t\t\t\t\t<div class=\"elementor-column elementor-col-100 elementor-top-column elementor-element elementor-element-32f08d3\" data-id=\"32f08d3\" data-element_type=\"column\" data-settings=\"{&quot;background_background&quot;:&quot;classic&quot;}\">\n\t\t\t<div class=\"elementor-column-wrap elementor-element-populated\">\n\t\t\t\t\t\t\t<div class=\"elementor-widget-wrap\">\n\t\t\t\t\t\t<div class=\"elementor-element elementor-element-6512e44 elementor-widget elementor-widget-spacer\" data-id=\"6512e44\" data-element_type=\"widget\" data-widget_type=\"spacer.default\">\n\t\t\t\t<div class=\"elementor-widget-container\">\n\t\t\t\t\t<div class=\"elementor-spacer\">\n\t\t\t<div class=\"elementor-spacer-inner\"><\/div>\n\t\t<\/div>\n\t\t\t\t<\/div>\n\t\t\t\t<\/div>\n\t\t\t\t<div class=\"elementor-element elementor-element-a95acf0 elementor-widget elementor-widget-heading\" data-id=\"a95acf0\" data-element_type=\"widget\" data-widget_type=\"heading.default\">\n\t\t\t\t<div class=\"elementor-widget-container\">\n\t\t\t<h2 class=\"elementor-heading-title elementor-size-default\">Impressum<\/h2>\t\t<\/div>\n\t\t\t\t<\/div>\n\t\t\t\t<div class=\"elementor-element elementor-element-65bd115 elementor-widget elementor-widget-spacer\" data-id=\"65bd115\" data-element_type=\"widget\" data-widget_type=\"spacer.default\">\n\t\t\t\t<div class=\"elementor-widget-container\">\n\t\t\t\t\t<div class=\"elementor-spacer\">\n\t\t\t<div class=\"elementor-spacer-inner\"><\/div>\n\t\t<\/div>\n\t\t\t\t<\/div>\n\t\t\t\t<\/div>\n\t\t\t\t\t\t<\/div>\n\t\t\t\t\t<\/div>\n\t\t<\/div>\n\t\t\t\t\t\t\t\t<\/div>\n\t\t\t\t\t<\/div>\n\t\t<\/section>\n\t\t\t\t<section class=\"elementor-section elementor-top-section elementor-element elementor-element-f248688 elementor-section-boxed elementor-section-height-default elementor-section-height-default\" data-id=\"f248688\" data-element_type=\"section\">\n\t\t\t\t\t\t<div class=\"elementor-container elementor-column-gap-default\">\n\t\t\t\t\t\t\t<div class=\"elementor-row\">\n\t\t\t\t\t<div class=\"elementor-column elementor-col-100 elementor-top-column elementor-element elementor-element-d7c9e2a\" data-id=\"d7c9e2a\" data-element_type=\"column\">\n\t\t\t<div class=\"elementor-column-wrap elementor-element-populated\">\n\t\t\t\t\t\t\t<div class=\"elementor-widget-wrap\">\n\t\t\t\t\t\t<div class=\"elementor-element elementor-element-81542aa elementor-widget elementor-widget-heading\" data-id=\"81542aa\" data-element_type=\"widget\" data-widget_type=\"heading.default\">\n\t\t\t\t<div class=\"elementor-widget-container\">\n\t\t\t<h5 class=\"elementor-heading-title elementor-size-default\">Angaben gem\u00e4\u00df \u00a7 5 TMG\n\n<\/h5>\t\t<\/div>\n\t\t\t\t<\/div>\n\t\t\t\t<section class=\"elementor-section elementor-inner-section elementor-element elementor-element-e974456 elementor-section-boxed elementor-section-height-default elementor-section-height-default\" data-id=\"e974456\" data-element_type=\"section\">\n\t\t\t\t\t\t<div class=\"elementor-container elementor-column-gap-default\">\n\t\t\t\t\t\t\t<div class=\"elementor-row\">\n\t\t\t\t\t<div class=\"elementor-column elementor-col-50 elementor-inner-column elementor-element elementor-element-a4dfcd5\" data-id=\"a4dfcd5\" data-element_type=\"column\">\n\t\t\t<div class=\"elementor-column-wrap elementor-element-populated\">\n\t\t\t\t\t\t\t<div class=\"elementor-widget-wrap\">\n\t\t\t\t\t\t<div class=\"elementor-element elementor-element-e1479f4 elementor-widget elementor-widget-text-editor\" data-id=\"e1479f4\" data-element_type=\"widget\" data-widget_type=\"text-editor.default\">\n\t\t\t\t<div class=\"elementor-widget-container\">\n\t\t\t\t\t\t\t\t<div class=\"elementor-text-editor elementor-clearfix\">\n\t\t\t\t<p>Fagbuyi Service Consulting &amp; Training<br \/>Ebony Fagbuyi<br \/>Thaerstra\u00dfe 33<br \/>10249 Berlin, Deutschland<\/p><p><span style=\"font-weight: bolder;\">Verantwortlich f\u00fcr den Inhalt nach\u00a0<\/span><span style=\"font-weight: bolder;\">\u00a7<\/span><span style=\"font-weight: bolder;\">55 Abs. 2 RStV<\/span><\/p><div><p>Ebony Fagbuyi<br \/>Thaerstra\u00dfe 33<br \/>10249 Berlin, Deutschland<\/p><\/div>\t\t\t\t\t<\/div>\n\t\t\t\t\t\t<\/div>\n\t\t\t\t<\/div>\n\t\t\t\t\t\t<\/div>\n\t\t\t\t\t<\/div>\n\t\t<\/div>\n\t\t\t\t<div class=\"elementor-column elementor-col-50 elementor-inner-column elementor-element elementor-element-e0ab646\" data-id=\"e0ab646\" data-element_type=\"column\">\n\t\t\t<div class=\"elementor-column-wrap elementor-element-populated\">\n\t\t\t\t\t\t\t<div class=\"elementor-widget-wrap\">\n\t\t\t\t\t\t<div class=\"elementor-element elementor-element-345786e elementor-widget elementor-widget-text-editor\" data-id=\"345786e\" data-element_type=\"widget\" data-widget_type=\"text-editor.default\">\n\t\t\t\t<div class=\"elementor-widget-container\">\n\t\t\t\t\t\t\t\t<div class=\"elementor-text-editor elementor-clearfix\">\n\t\t\t\t<p><strong>Kontakt<\/strong><\/p>\n<div>\n<p>Telefon: +49 (0) 30&nbsp;<span style=\"color: rgb(112, 112, 112);\">263 79 71 9<\/span><br>E-Mail: info@ebonyfagbuyi.com<\/p>\n<p><\/p>\n<p><span style=\"font-weight: bolder;\">Umsatzsteuer-ID<\/span><\/p>\n<p>Umsatzsteuer-Identifikationsnummer gem\u00e4\u00df \u00a727a Umsatzsteuergesetz: DE282535210<\/p>\n<p><\/p>\n<\/div>\t\t\t\t\t<\/div>\n\t\t\t\t\t\t<\/div>\n\t\t\t\t<\/div>\n\t\t\t\t\t\t<\/div>\n\t\t\t\t\t<\/div>\n\t\t<\/div>\n\t\t\t\t\t\t\t\t<\/div>\n\t\t\t\t\t<\/div>\n\t\t<\/section>\n\t\t\t\t<div class=\"elementor-element elementor-element-c6d039c elementor-widget elementor-widget-text-editor\" data-id=\"c6d039c\" data-element_type=\"widget\" data-widget_type=\"text-editor.default\">\n\t\t\t\t<div class=\"elementor-widget-container\">\n\t\t\t\t\t\t\t\t<div class=\"elementor-text-editor elementor-clearfix\">\n\t\t\t\t<div class=\"wpb_wrapper\"><p><strong>Quellenangaben f\u00fcr die verwendeten Bilder und Grafiken<\/strong><\/p><\/div><div class=\"wpb_wrapper\"><p>Pexels, Adobe<\/p><p><strong>Haftungsausschluss<\/strong><\/p><p><strong>Haftung f\u00fcr Inhalte<\/strong><\/p><\/div><div class=\"wpb_wrapper\"><p>Die Inhalte unserer Seiten wurden mit gr\u00f6\u00dfter Sorgfalt erstellt. F\u00fcr die Richtigkeit, Vollst\u00e4ndigkeit und Aktualit\u00e4t der Inhalte k\u00f6nnen wir jedoch keine Gew\u00e4hr \u00fcbernehmen. Als Diensteanbieter sind wir gem\u00e4\u00df \u00a7 7 Abs.1 TMG f\u00fcr eigene Inhalte auf diesen Seiten nach den allgemeinen Gesetzen verantwortlich. Nach \u00a7\u00a7 8 bis 10 TMG sind wir als Diensteanbieter jedoch nicht verpflichtet, \u00fcbermittelte oder gespeicherte fremde Informationen zu \u00fcberwachen oder nach Umst\u00e4nden zu forschen, die auf eine rechtswidrige T\u00e4tigkeit hinweisen. Verpflichtungen zur Entfernung oder Sperrung der Nutzung von Informationen nach den allgemeinen Gesetzen bleiben hiervon unber\u00fchrt. Eine diesbez\u00fcgliche Haftung ist jedoch erst ab dem Zeitpunkt der Kenntnis einer konkreten Rechtsverletzung m\u00f6glich. Bei Bekanntwerden von entsprechenden Rechtsverletzungen werden wir diese Inhalte umgehend entfernen.<\/p><\/div><p class=\"vc_custom_heading\"><strong>Haftung f\u00fcr Links<\/strong><\/p><div class=\"wpb_wrapper\"><p>Unser Angebot enth\u00e4lt Links zu externen Webseiten Dritter, auf deren Inhalte wir keinen Einfluss haben. Deshalb k\u00f6nnen wir f\u00fcr diese fremden Inhalte auch keine Gew\u00e4hr \u00fcbernehmen. F\u00fcr die Inhalte der verlinkten Seiten ist stets der jeweilige Anbieter oder Betreiber der Seiten verantwortlich. Die verlinkten Seiten wurden zum Zeitpunkt der Verlinkung auf m\u00f6gliche Rechtsverst\u00f6\u00dfe \u00fcberpr\u00fcft. Rechtswidrige Inhalte waren zum Zeitpunkt der Verlinkung nicht erkennbar. Eine permanente inhaltliche Kontrolle der verlinkten Seiten ist jedoch ohne konkrete Anhaltspunkte einer Rechtsverletzung nicht zumutbar. Bei Bekanntwerden von Rechtsverletzungen werden wir derartige Links umgehend entfernen.<\/p><\/div><p class=\"vc_custom_heading\"><strong>Urheberrecht<\/strong><\/p><div class=\"wpb_text_column wpb_content_element \"><div class=\"wpb_wrapper\"><p>Die durch die Seitenbetreiber erstellten Inhalte und Werke auf diesen Seiten unterliegen dem deutschen Urheberrecht. Die Vervielf\u00e4ltigung, Bearbeitung, Verbreitung und jede Art der Verwertung au\u00dferhalb der Grenzen des Urheberrechtes bed\u00fcrfen der schriftlichen Zustimmung des jeweiligen Autors bzw. Erstellers. Downloads und Kopien dieser Seite sind nur f\u00fcr den privaten, nicht kommerziellen Gebrauch gestattet. Soweit die Inhalte auf dieser Seite nicht vom Betreiber erstellt wurden, werden die Urheberrechte Dritter beachtet. Insbesondere werden Inhalte Dritter als solche gekennzeichnet. Sollten Sie trotzdem auf eine Urheberrechtsverletzung aufmerksam werden, bitten wir um einen entsprechenden Hinweis. Bei Bekanntwerden von Rechtsverletzungen werden wir derartige Inhalte umgehend entfernen.<\/p><\/div><\/div>\t\t\t\t\t<\/div>\n\t\t\t\t\t\t<\/div>\n\t\t\t\t<\/div>\n\t\t\t\t\t\t<\/div>\n\t\t\t\t\t<\/div>\n\t\t<\/div>\n\t\t\t\t\t\t\t\t<\/div>\n\t\t\t\t\t<\/div>\n\t\t<\/section>\n\t\t\t\t\t\t\t\t\t<\/div>\n\t\t\t<\/div>\n\t\t\t\t\t<\/div>\n\t\t","protected":false},"excerpt":{"rendered":"<p>Impressum Angaben gem\u00e4\u00df \u00a7 5 [&hellip;]<\/p>\n","protected":false},"author":1,"featured_media":0,"parent":0,"menu_order":0,"comment_status":"closed","ping_status":"closed","template":"page-templates\/template_fullwidth.php","meta":[],"yoast_head":"<!-- This site is optimized with the Yoast SEO plugin v18.4.1 - https:\/\/yoast.com\/wordpress\/plugins\/seo\/ -->\n<title>Impressum - Ebony Fagbuyi<\/title>\n<meta name=\"robots\" content=\"index, follow, max-snippet:-1, max-image-preview:large, max-video-preview:-1\" \/>\n<link rel=\"canonical\" href=\"https:\/\/ebonyfagbuyi.com\/index.php\/de\/impressum\/\" \/>\n<meta property=\"og:locale\" content=\"de_DE\" \/>\n<meta property=\"og:type\" content=\"article\" \/>\n<meta property=\"og:title\" content=\"Impressum - Ebony Fagbuyi\" \/>\n<meta property=\"og:description\" content=\"Impressum Angaben gem\u00e4\u00df \u00a7 5 [&hellip;]\" \/>\n<meta property=\"og:url\" content=\"https:\/\/ebonyfagbuyi.com\/index.php\/de\/impressum\/\" \/>\n<meta property=\"og:site_name\" content=\"Ebony Fagbuyi\" \/>\n<meta property=\"article:modified_time\" content=\"2021-03-17T15:18:01+00:00\" \/>\n<meta name=\"twitter:card\" content=\"summary_large_image\" \/>\n<meta name=\"twitter:label1\" content=\"Gesch\u00e4tzte Lesezeit\" \/>\n\t<meta name=\"twitter:data1\" content=\"2\u00a0Minuten\" \/>\n<script type=\"application\/ld+json\" class=\"yoast-schema-graph\">{\"@context\":\"https:\/\/schema.org\",\"@graph\":[{\"@type\":\"Organization\",\"@id\":\"https:\/\/ebonyfagbuyi.com\/#organization\",\"name\":\"Ebony Fagbuyi\",\"url\":\"https:\/\/ebonyfagbuyi.com\/\",\"sameAs\":[],\"logo\":{\"@type\":\"ImageObject\",\"@id\":\"https:\/\/ebonyfagbuyi.com\/#logo\",\"inLanguage\":\"de\",\"url\":\"https:\/\/ebonyfagbuyi.com\/wp-content\/uploads\/2021\/03\/ebonyfagbuyi_logo_03_130x60.png\",\"contentUrl\":\"https:\/\/ebonyfagbuyi.com\/wp-content\/uploads\/2021\/03\/ebonyfagbuyi_logo_03_130x60.png\",\"width\":130,\"height\":60,\"caption\":\"Ebony Fagbuyi\"},\"image\":{\"@id\":\"https:\/\/ebonyfagbuyi.com\/#logo\"}},{\"@type\":\"WebSite\",\"@id\":\"https:\/\/ebonyfagbuyi.com\/#website\",\"url\":\"https:\/\/ebonyfagbuyi.com\/\",\"name\":\"Ebony Fagbuyi\",\"description\":\"Ihr Partner in Business-Transformation\",\"publisher\":{\"@id\":\"https:\/\/ebonyfagbuyi.com\/#organization\"},\"potentialAction\":[{\"@type\":\"SearchAction\",\"target\":{\"@type\":\"EntryPoint\",\"urlTemplate\":\"https:\/\/ebonyfagbuyi.com\/?s={search_term_string}\"},\"query-input\":\"required name=search_term_string\"}],\"inLanguage\":\"de\"},{\"@type\":\"WebPage\",\"@id\":\"https:\/\/ebonyfagbuyi.com\/index.php\/de\/impressum\/#webpage\",\"url\":\"https:\/\/ebonyfagbuyi.com\/index.php\/de\/impressum\/\",\"name\":\"Impressum - Ebony Fagbuyi\",\"isPartOf\":{\"@id\":\"https:\/\/ebonyfagbuyi.com\/#website\"},\"datePublished\":\"2021-02-17T11:42:21+00:00\",\"dateModified\":\"2021-03-17T15:18:01+00:00\",\"breadcrumb\":{\"@id\":\"https:\/\/ebonyfagbuyi.com\/index.php\/de\/impressum\/#breadcrumb\"},\"inLanguage\":\"de\",\"potentialAction\":[{\"@type\":\"ReadAction\",\"target\":[\"https:\/\/ebonyfagbuyi.com\/index.php\/de\/impressum\/\"]}]},{\"@type\":\"BreadcrumbList\",\"@id\":\"https:\/\/ebonyfagbuyi.com\/index.php\/de\/impressum\/#breadcrumb\",\"itemListElement\":[{\"@type\":\"ListItem\",\"position\":1,\"name\":\"Impressum\"}]}]}<\/script>\n<!-- \/ Yoast SEO plugin. -->","yoast_head_json":{"title":"Impressum - Ebony Fagbuyi","robots":{"index":"index","follow":"follow","max-snippet":"max-snippet:-1","max-image-preview":"max-image-preview:large","max-video-preview":"max-video-preview:-1"},"canonical":"https:\/\/ebonyfagbuyi.com\/index.php\/de\/impressum\/","og_locale":"de_DE","og_type":"article","og_title":"Impressum - Ebony Fagbuyi","og_description":"Impressum Angaben gem\u00e4\u00df \u00a7 5 [&hellip;]","og_url":"https:\/\/ebonyfagbuyi.com\/index.php\/de\/impressum\/","og_site_name":"Ebony Fagbuyi","article_modified_time":"2021-03-17T15:18:01+00:00","twitter_card":"summary_large_image","twitter_misc":{"Gesch\u00e4tzte Lesezeit":"2\u00a0Minuten"},"schema":{"@context":"https:\/\/schema.org","@graph":[{"@type":"Organization","@id":"https:\/\/ebonyfagbuyi.com\/#organization","name":"Ebony Fagbuyi","url":"https:\/\/ebonyfagbuyi.com\/","sameAs":[],"logo":{"@type":"ImageObject","@id":"https:\/\/ebonyfagbuyi.com\/#logo","inLanguage":"de","url":"https:\/\/ebonyfagbuyi.com\/wp-content\/uploads\/2021\/03\/ebonyfagbuyi_logo_03_130x60.png","contentUrl":"https:\/\/ebonyfagbuyi.com\/wp-content\/uploads\/2021\/03\/ebonyfagbuyi_logo_03_130x60.png","width":130,"height":60,"caption":"Ebony Fagbuyi"},"image":{"@id":"https:\/\/ebonyfagbuyi.com\/#logo"}},{"@type":"WebSite","@id":"https:\/\/ebonyfagbuyi.com\/#website","url":"https:\/\/ebonyfagbuyi.com\/","name":"Ebony Fagbuyi","description":"Ihr Partner in Business-Transformation","publisher":{"@id":"https:\/\/ebonyfagbuyi.com\/#organization"},"potentialAction":[{"@type":"SearchAction","target":{"@type":"EntryPoint","urlTemplate":"https:\/\/ebonyfagbuyi.com\/?s={search_term_string}"},"query-input":"required name=search_term_string"}],"inLanguage":"de"},{"@type":"WebPage","@id":"https:\/\/ebonyfagbuyi.com\/index.php\/de\/impressum\/#webpage","url":"https:\/\/ebonyfagbuyi.com\/index.php\/de\/impressum\/","name":"Impressum - Ebony Fagbuyi","isPartOf":{"@id":"https:\/\/ebonyfagbuyi.com\/#website"},"datePublished":"2021-02-17T11:42:21+00:00","dateModified":"2021-03-17T15:18:01+00:00","breadcrumb":{"@id":"https:\/\/ebonyfagbuyi.com\/index.php\/de\/impressum\/#breadcrumb"},"inLanguage":"de","potentialAction":[{"@type":"ReadAction","target":["https:\/\/ebonyfagbuyi.com\/index.php\/de\/impressum\/"]}]},{"@type":"BreadcrumbList","@id":"https:\/\/ebonyfagbuyi.com\/index.php\/de\/impressum\/#breadcrumb","itemListElement":[{"@type":"ListItem","position":1,"name":"Impressum"}]}]}},"_links":{"self":[{"href":"https:\/\/ebonyfagbuyi.com\/index.php\/wp-json\/wp\/v2\/pages\/1318"}],"collection":[{"href":"https:\/\/ebonyfagbuyi.com\/index.php\/wp-json\/wp\/v2\/pages"}],"about":[{"href":"https:\/\/ebonyfagbuyi.com\/index.php\/wp-json\/wp\/v2\/types\/page"}],"author":[{"embeddable":true,"href":"https:\/\/ebonyfagbuyi.com\/index.php\/wp-json\/wp\/v2\/users\/1"}],"replies":[{"embeddable":true,"href":"https:\/\/ebonyfagbuyi.com\/index.php\/wp-json\/wp\/v2\/comments?post=1318"}],"version-history":[{"count":13,"href":"https:\/\/ebonyfagbuyi.com\/index.php\/wp-json\/wp\/v2\/pages\/1318\/revisions"}],"predecessor-version":[{"id":3174,"href":"https:\/\/ebonyfagbuyi.com\/index.php\/wp-json\/wp\/v2\/pages\/1318\/revisions\/3174"}],"wp:attachment":[{"href":"https:\/\/ebonyfagbuyi.com\/index.php\/wp-json\/wp\/v2\/media?parent=1318"}],"curies":[{"name":"wp","href":"https:\/\/api.w.org\/{rel}","templated":true}]}}